{"id":215502,"date":"2023-01-29T02:36:56","date_gmt":"2023-01-29T01:36:56","guid":{"rendered":"https:\/\/smartmarket.be\/product\/lenor-parels-gold-22d-300g\/"},"modified":"2023-01-31T01:36:14","modified_gmt":"2023-01-31T00:36:14","slug":"lenor-parels-gold-22d-300g","status":"publish","type":"product","link":"https:\/\/smartmarket.be\/fr\/produit\/lenor-parels-gold-22d-300g\/","title":{"rendered":"LENOR parels gold 22d (300g)"},"content":{"rendered":"","protected":false},"excerpt":{"rendered":"<p>300g<\/p>\n","protected":false},"featured_media":215503,"template":"","meta":{"_monsterinsights_skip_tracking":false,"_monsterinsights_sitenote_active":false,"_monsterinsights_sitenote_note":"","_monsterinsights_sitenote_category":0},"product_brand":[],"product_cat":[6435,6419,6433],"product_tag":[],"class_list":{"0":"post-215502","1":"product","2":"type-product","3":"status-publish","4":"has-post-thumbnail","6":"product_cat-geurversterkers","7":"product_cat-onderhoud-huishouden","8":"product_cat-wassen-strijken","10":"first","11":"instock","12":"taxable","13":"shipping-taxable","14":"purchasable","15":"product-type-simple"},"yoast_head":"<!-- This site is optimized with the Yoast SEO plugin v27.3 - https:\/\/yoast.com\/product\/yoast-seo-wordpress\/ -->\n<title>LENOR parels gold 22d (300g) - Smartmarket - Supermarch\u00e9 en ligne en Belgique!<\/title>\n<meta name=\"robots\" content=\"index, follow, max-snippet:-1, max-image-preview:large, max-video-preview:-1\" \/>\n<link rel=\"canonical\" href=\"https:\/\/smartmarket.be\/fr\/produit\/lenor-parels-gold-22d-300g\/\" \/>\n<meta property=\"og:locale\" content=\"fr_FR\" \/>\n<meta property=\"og:type\" content=\"article\" \/>\n<meta property=\"og:title\" content=\"LENOR parels gold 22d (300g) - Smartmarket - Supermarch\u00e9 en ligne en Belgique!\" \/>\n<meta property=\"og:description\" content=\"300g\" \/>\n<meta property=\"og:url\" content=\"https:\/\/smartmarket.be\/fr\/produit\/lenor-parels-gold-22d-300g\/\" \/>\n<meta property=\"og:site_name\" content=\"Smartmarket - Supermarch\u00e9 en ligne en Belgique!\" \/>\n<meta property=\"article:modified_time\" content=\"2023-01-31T00:36:14+00:00\" \/>\n<meta property=\"og:image\" content=\"https:\/\/smartmarket.be\/wp-content\/uploads\/1\/pr\/du\/smartmarket-grocery-delivery-belgium-boodschappen-aan-huis-online-supermarket_131023.jpg\" \/>\n\t<meta property=\"og:image:width\" content=\"168\" \/>\n\t<meta property=\"og:image:height\" content=\"500\" \/>\n\t<meta property=\"og:image:type\" content=\"image\/jpeg\" \/>\n<meta name=\"twitter:card\" content=\"summary_large_image\" \/>\n<script type=\"application\/ld+json\" class=\"yoast-schema-graph\">{\"@context\":\"https:\\\/\\\/schema.org\",\"@graph\":[{\"@type\":\"WebPage\",\"@id\":\"https:\\\/\\\/smartmarket.be\\\/fr\\\/produit\\\/lenor-parels-gold-22d-300g\\\/\",\"url\":\"https:\\\/\\\/smartmarket.be\\\/fr\\\/produit\\\/lenor-parels-gold-22d-300g\\\/\",\"name\":\"LENOR parels gold 22d (300g) - Smartmarket - Supermarch\u00e9 en ligne en Belgique!\",\"isPartOf\":{\"@id\":\"https:\\\/\\\/smartmarket.be\\\/fr\\\/#website\"},\"primaryImageOfPage\":{\"@id\":\"https:\\\/\\\/smartmarket.be\\\/fr\\\/produit\\\/lenor-parels-gold-22d-300g\\\/#primaryimage\"},\"image\":{\"@id\":\"https:\\\/\\\/smartmarket.be\\\/fr\\\/produit\\\/lenor-parels-gold-22d-300g\\\/#primaryimage\"},\"thumbnailUrl\":\"https:\\\/\\\/smartmarket.be\\\/wp-content\\\/uploads\\\/1\\\/pr\\\/du\\\/smartmarket-grocery-delivery-belgium-boodschappen-aan-huis-online-supermarket_131023.jpg\",\"datePublished\":\"2023-01-29T01:36:56+00:00\",\"dateModified\":\"2023-01-31T00:36:14+00:00\",\"breadcrumb\":{\"@id\":\"https:\\\/\\\/smartmarket.be\\\/fr\\\/produit\\\/lenor-parels-gold-22d-300g\\\/#breadcrumb\"},\"inLanguage\":\"fr-FR\",\"potentialAction\":[{\"@type\":\"ReadAction\",\"target\":[\"https:\\\/\\\/smartmarket.be\\\/fr\\\/produit\\\/lenor-parels-gold-22d-300g\\\/\"]}]},{\"@type\":\"ImageObject\",\"inLanguage\":\"fr-FR\",\"@id\":\"https:\\\/\\\/smartmarket.be\\\/fr\\\/produit\\\/lenor-parels-gold-22d-300g\\\/#primaryimage\",\"url\":\"https:\\\/\\\/smartmarket.be\\\/wp-content\\\/uploads\\\/1\\\/pr\\\/du\\\/smartmarket-grocery-delivery-belgium-boodschappen-aan-huis-online-supermarket_131023.jpg\",\"contentUrl\":\"https:\\\/\\\/smartmarket.be\\\/wp-content\\\/uploads\\\/1\\\/pr\\\/du\\\/smartmarket-grocery-delivery-belgium-boodschappen-aan-huis-online-supermarket_131023.jpg\",\"width\":168,\"height\":500},{\"@type\":\"BreadcrumbList\",\"@id\":\"https:\\\/\\\/smartmarket.be\\\/fr\\\/produit\\\/lenor-parels-gold-22d-300g\\\/#breadcrumb\",\"itemListElement\":[{\"@type\":\"ListItem\",\"position\":1,\"name\":\"Home\",\"item\":\"https:\\\/\\\/smartmarket.be\\\/fr\\\/\"},{\"@type\":\"ListItem\",\"position\":2,\"name\":\"Magasin\",\"item\":\"https:\\\/\\\/smartmarket.be\\\/fr\\\/magasin\\\/\"},{\"@type\":\"ListItem\",\"position\":3,\"name\":\"LENOR parels gold 22d (300g)\"}]},{\"@type\":\"WebSite\",\"@id\":\"https:\\\/\\\/smartmarket.be\\\/fr\\\/#website\",\"url\":\"https:\\\/\\\/smartmarket.be\\\/fr\\\/\",\"name\":\"Smartmarket - Supermarch\u00e9 en ligne en Belgique!\",\"description\":\"Faites-vous livrer vos courses en toute simplicit\u00e9 avec notre supermarch\u00e9 en ligne Smartmarket! Command\u00e9 aujourd&#039;hui avant 19h00, livr\u00e9 aujourd&#039;hui!\",\"publisher\":{\"@id\":\"https:\\\/\\\/smartmarket.be\\\/fr\\\/#organization\"},\"potentialAction\":[{\"@type\":\"SearchAction\",\"target\":{\"@type\":\"EntryPoint\",\"urlTemplate\":\"https:\\\/\\\/smartmarket.be\\\/fr\\\/?s={search_term_string}\"},\"query-input\":{\"@type\":\"PropertyValueSpecification\",\"valueRequired\":true,\"valueName\":\"search_term_string\"}}],\"inLanguage\":\"fr-FR\"},{\"@type\":\"Organization\",\"@id\":\"https:\\\/\\\/smartmarket.be\\\/fr\\\/#organization\",\"name\":\"Smartmarket - Supermarch\u00e9 en ligne en Belgique!\",\"url\":\"https:\\\/\\\/smartmarket.be\\\/fr\\\/\",\"logo\":{\"@type\":\"ImageObject\",\"inLanguage\":\"fr-FR\",\"@id\":\"https:\\\/\\\/smartmarket.be\\\/fr\\\/#\\\/schema\\\/logo\\\/image\\\/\",\"url\":\"https:\\\/\\\/smartmarket.be\\\/wp-content\\\/uploads\\\/2019\\\/10\\\/cropped-smartmarket-favicon-v1.png\",\"contentUrl\":\"https:\\\/\\\/smartmarket.be\\\/wp-content\\\/uploads\\\/2019\\\/10\\\/cropped-smartmarket-favicon-v1.png\",\"width\":512,\"height\":512,\"caption\":\"Smartmarket - Supermarch\u00e9 en ligne en Belgique!\"},\"image\":{\"@id\":\"https:\\\/\\\/smartmarket.be\\\/fr\\\/#\\\/schema\\\/logo\\\/image\\\/\"}}]}<\/script>\n<!-- \/ Yoast SEO plugin. -->","yoast_head_json":{"title":"LENOR parels gold 22d (300g) - Smartmarket - Supermarch\u00e9 en ligne en Belgique!","robots":{"index":"index","follow":"follow","max-snippet":"max-snippet:-1","max-image-preview":"max-image-preview:large","max-video-preview":"max-video-preview:-1"},"canonical":"https:\/\/smartmarket.be\/fr\/produit\/lenor-parels-gold-22d-300g\/","og_locale":"fr_FR","og_type":"article","og_title":"LENOR parels gold 22d (300g) - Smartmarket - Supermarch\u00e9 en ligne en Belgique!","og_description":"300g","og_url":"https:\/\/smartmarket.be\/fr\/produit\/lenor-parels-gold-22d-300g\/","og_site_name":"Smartmarket - Supermarch\u00e9 en ligne en Belgique!","article_modified_time":"2023-01-31T00:36:14+00:00","og_image":[{"width":168,"height":500,"url":"https:\/\/smartmarket.be\/wp-content\/uploads\/1\/pr\/du\/smartmarket-grocery-delivery-belgium-boodschappen-aan-huis-online-supermarket_131023.jpg","type":"image\/jpeg"}],"twitter_card":"summary_large_image","schema":{"@context":"https:\/\/schema.org","@graph":[{"@type":"WebPage","@id":"https:\/\/smartmarket.be\/fr\/produit\/lenor-parels-gold-22d-300g\/","url":"https:\/\/smartmarket.be\/fr\/produit\/lenor-parels-gold-22d-300g\/","name":"LENOR parels gold 22d (300g) - Smartmarket - Supermarch\u00e9 en ligne en Belgique!","isPartOf":{"@id":"https:\/\/smartmarket.be\/fr\/#website"},"primaryImageOfPage":{"@id":"https:\/\/smartmarket.be\/fr\/produit\/lenor-parels-gold-22d-300g\/#primaryimage"},"image":{"@id":"https:\/\/smartmarket.be\/fr\/produit\/lenor-parels-gold-22d-300g\/#primaryimage"},"thumbnailUrl":"https:\/\/smartmarket.be\/wp-content\/uploads\/1\/pr\/du\/smartmarket-grocery-delivery-belgium-boodschappen-aan-huis-online-supermarket_131023.jpg","datePublished":"2023-01-29T01:36:56+00:00","dateModified":"2023-01-31T00:36:14+00:00","breadcrumb":{"@id":"https:\/\/smartmarket.be\/fr\/produit\/lenor-parels-gold-22d-300g\/#breadcrumb"},"inLanguage":"fr-FR","potentialAction":[{"@type":"ReadAction","target":["https:\/\/smartmarket.be\/fr\/produit\/lenor-parels-gold-22d-300g\/"]}]},{"@type":"ImageObject","inLanguage":"fr-FR","@id":"https:\/\/smartmarket.be\/fr\/produit\/lenor-parels-gold-22d-300g\/#primaryimage","url":"https:\/\/smartmarket.be\/wp-content\/uploads\/1\/pr\/du\/smartmarket-grocery-delivery-belgium-boodschappen-aan-huis-online-supermarket_131023.jpg","contentUrl":"https:\/\/smartmarket.be\/wp-content\/uploads\/1\/pr\/du\/smartmarket-grocery-delivery-belgium-boodschappen-aan-huis-online-supermarket_131023.jpg","width":168,"height":500},{"@type":"BreadcrumbList","@id":"https:\/\/smartmarket.be\/fr\/produit\/lenor-parels-gold-22d-300g\/#breadcrumb","itemListElement":[{"@type":"ListItem","position":1,"name":"Home","item":"https:\/\/smartmarket.be\/fr\/"},{"@type":"ListItem","position":2,"name":"Magasin","item":"https:\/\/smartmarket.be\/fr\/magasin\/"},{"@type":"ListItem","position":3,"name":"LENOR parels gold 22d (300g)"}]},{"@type":"WebSite","@id":"https:\/\/smartmarket.be\/fr\/#website","url":"https:\/\/smartmarket.be\/fr\/","name":"Smartmarket - Supermarch\u00e9 en ligne en Belgique!","description":"Faites-vous livrer vos courses en toute simplicit\u00e9 avec notre supermarch\u00e9 en ligne Smartmarket! Command\u00e9 aujourd&#039;hui avant 19h00, livr\u00e9 aujourd&#039;hui!","publisher":{"@id":"https:\/\/smartmarket.be\/fr\/#organization"},"potentialAction":[{"@type":"SearchAction","target":{"@type":"EntryPoint","urlTemplate":"https:\/\/smartmarket.be\/fr\/?s={search_term_string}"},"query-input":{"@type":"PropertyValueSpecification","valueRequired":true,"valueName":"search_term_string"}}],"inLanguage":"fr-FR"},{"@type":"Organization","@id":"https:\/\/smartmarket.be\/fr\/#organization","name":"Smartmarket - Supermarch\u00e9 en ligne en Belgique!","url":"https:\/\/smartmarket.be\/fr\/","logo":{"@type":"ImageObject","inLanguage":"fr-FR","@id":"https:\/\/smartmarket.be\/fr\/#\/schema\/logo\/image\/","url":"https:\/\/smartmarket.be\/wp-content\/uploads\/2019\/10\/cropped-smartmarket-favicon-v1.png","contentUrl":"https:\/\/smartmarket.be\/wp-content\/uploads\/2019\/10\/cropped-smartmarket-favicon-v1.png","width":512,"height":512,"caption":"Smartmarket - Supermarch\u00e9 en ligne en Belgique!"},"image":{"@id":"https:\/\/smartmarket.be\/fr\/#\/schema\/logo\/image\/"}}]}},"_links":{"self":[{"href":"https:\/\/smartmarket.be\/fr\/wp-json\/wp\/v2\/product\/215502","targetHints":{"allow":["GET"]}}],"collection":[{"href":"https:\/\/smartmarket.be\/fr\/wp-json\/wp\/v2\/product"}],"about":[{"href":"https:\/\/smartmarket.be\/fr\/wp-json\/wp\/v2\/types\/product"}],"version-history":[{"count":1,"href":"https:\/\/smartmarket.be\/fr\/wp-json\/wp\/v2\/product\/215502\/revisions"}],"predecessor-version":[{"id":221147,"href":"https:\/\/smartmarket.be\/fr\/wp-json\/wp\/v2\/product\/215502\/revisions\/221147"}],"wp:featuredmedia":[{"embeddable":true,"href":"https:\/\/smartmarket.be\/fr\/wp-json\/wp\/v2\/media\/215503"}],"wp:attachment":[{"href":"https:\/\/smartmarket.be\/fr\/wp-json\/wp\/v2\/media?parent=215502"}],"wp:term":[{"taxonomy":"product_brand","embeddable":true,"href":"https:\/\/smartmarket.be\/fr\/wp-json\/wp\/v2\/product_brand?post=215502"},{"taxonomy":"product_cat","embeddable":true,"href":"https:\/\/smartmarket.be\/fr\/wp-json\/wp\/v2\/product_cat?post=215502"},{"taxonomy":"product_tag","embeddable":true,"href":"https:\/\/smartmarket.be\/fr\/wp-json\/wp\/v2\/product_tag?post=215502"}],"curies":[{"name":"wp","href":"https:\/\/api.w.org\/{rel}","templated":true}]}}