{"id":4410,"date":"2018-10-19T11:08:52","date_gmt":"2018-10-19T11:08:52","guid":{"rendered":"https:\/\/xstore.8theme.com\/demos\/2\/organic01\/my-account\/"},"modified":"2023-11-23T12:01:30","modified_gmt":"2023-11-23T11:01:30","slug":"my-account","status":"publish","type":"page","link":"https:\/\/smartmarket.be\/fr\/my-account\/","title":{"rendered":"My account"},"content":{"rendered":"\t\t<div data-elementor-type=\"wp-page\" data-elementor-id=\"4410\" class=\"elementor elementor-4410\">\n\t\t\t\t\t\t<section class=\"wd-negative-gap elementor-section elementor-top-section elementor-element elementor-element-4f094a43 elementor-section-boxed elementor-section-height-default elementor-section-height-default\" data-id=\"4f094a43\" data-element_type=\"section\" data-e-type=\"section\">\n\t\t\t\t\t\t<div class=\"elementor-container elementor-column-gap-default\">\n\t\t\t\t\t<div class=\"elementor-column elementor-col-100 elementor-top-column elementor-element elementor-element-43d37abb\" data-id=\"43d37abb\" data-element_type=\"column\" data-e-type=\"column\">\n\t\t\t<div class=\"elementor-widget-wrap elementor-element-populated\">\n\t\t\t\t\t\t<div class=\"elementor-element elementor-element-78ed6d6b elementor-widget elementor-widget-shortcode\" data-id=\"78ed6d6b\" data-element_type=\"widget\" data-e-type=\"widget\" data-widget_type=\"shortcode.default\">\n\t\t\t\t<div class=\"elementor-widget-container\">\n\t\t\t\t\t\t\t<div class=\"elementor-shortcode\"><div class=\"woocommerce\"><\/div><\/div>\n\t\t\t\t\t\t<\/div>\n\t\t\t\t<\/div>\n\t\t\t\t\t<\/div>\n\t\t<\/div>\n\t\t\t\t\t<\/div>\n\t\t<\/section>\n\t\t\t\t<section class=\"elementor-section elementor-top-section elementor-element elementor-element-9ebe2f3 elementor-section-boxed elementor-section-height-default elementor-section-height-default\" data-id=\"9ebe2f3\" data-element_type=\"section\" data-e-type=\"section\">\n\t\t\t\t\t\t<div class=\"elementor-container elementor-column-gap-default\">\n\t\t\t\t\t<div class=\"elementor-column elementor-col-100 elementor-top-column elementor-element elementor-element-8863c22\" data-id=\"8863c22\" data-element_type=\"column\" data-e-type=\"column\">\n\t\t\t<div class=\"elementor-widget-wrap elementor-element-populated\">\n\t\t\t\t\t\t<div class=\"elementor-element elementor-element-45d507e elementor-widget elementor-widget-wd_text_block\" data-id=\"45d507e\" data-element_type=\"widget\" data-e-type=\"widget\" data-widget_type=\"wd_text_block.default\">\n\t\t\t\t<div class=\"elementor-widget-container\">\n\t\t\t\t\t\t\t<div class=\"wd-text-block reset-last-child text-left\">\n\t\t\t\n\t\t\t<h5 style=\"text-align: center;\"><span style=\"text-decoration: underline;\">Message pour les visiteurs qui souhaitent s'inscrire sur notre site.<\/span><\/h5>\n<h5 style=\"text-align: center;\"><span style=\"color: #808080;\">Cher visiteur,<\/span><\/h5>\n<h5 style=\"text-align: center;\"><span style=\"color: #808080;\">Veuillez noter qu'il n'est pas n\u00e9cessaire de s'inscrire sur notre site pour pouvoir passer une commande chez nous. \u00c0 la fin de votre commande sur la page de paiement, vous remarquerez une case \u00e0 cocher indiquant \"Cr\u00e9er un compte ?\", en cochant cette case, et apr\u00e8s avoir finalis\u00e9 votre commande, votre compte sera automatiquement cr\u00e9\u00e9 avec votre adresse e-mail et le mot de passe que vous avez choisi.<\/span><\/h5>\n<h5 style=\"text-align: center;\"><span style=\"color: #808080;\">Merci d'utiliser nos services!<\/span><\/h5>\n\n\t\t\t\t\t<\/div>\n\t\t\t\t\t\t<\/div>\n\t\t\t\t<\/div>\n\t\t\t\t\t<\/div>\n\t\t<\/div>\n\t\t\t\t\t<\/div>\n\t\t<\/section>\n\t\t\t\t<\/div>\n\t\t","protected":false},"excerpt":{"rendered":"<p>Message pour les visiteurs qui souhaitent s&rsquo;inscrire sur notre site. Cher visiteur, Veuillez noter qu&rsquo;il n&rsquo;est pas n\u00e9cessaire de s&rsquo;inscrire<\/p>\n","protected":false},"author":1,"featured_media":205992,"parent":0,"menu_order":0,"comment_status":"closed","ping_status":"closed","template":"","meta":{"_monsterinsights_skip_tracking":false,"_monsterinsights_sitenote_active":false,"_monsterinsights_sitenote_note":"","_monsterinsights_sitenote_category":0,"footnotes":""},"class_list":["post-4410","page","type-page","status-publish","has-post-thumbnail","hentry"],"yoast_head":"<!-- This site is optimized with the Yoast SEO plugin v27.3 - https:\/\/yoast.com\/product\/yoast-seo-wordpress\/ -->\n<title>Smartmarket - Livraison de courses le jour m\u00eame en Belgique!<\/title>\n<meta name=\"description\" content=\"Faites-vous livrer vos courses en toute simplicit\u00e9 avec notre supermarch\u00e9 Smartmarket! Command\u00e9 aujourd&#039;hui avant 18h00, livr\u00e9 aujourd&#039;hui!\" \/>\n<meta name=\"robots\" content=\"index, follow, max-snippet:-1, max-image-preview:large, max-video-preview:-1\" \/>\n<link rel=\"canonical\" href=\"https:\/\/smartmarket.be\/fr\/my-account\/\" \/>\n<meta property=\"og:locale\" content=\"fr_FR\" \/>\n<meta property=\"og:type\" content=\"article\" \/>\n<meta property=\"og:title\" content=\"Smartmarket - Livraison de courses le jour m\u00eame en Belgique!\" \/>\n<meta property=\"og:description\" content=\"Faites-vous livrer vos courses en toute simplicit\u00e9 avec notre supermarch\u00e9 Smartmarket! Command\u00e9 aujourd&#039;hui avant 18h00, livr\u00e9 aujourd&#039;hui!\" \/>\n<meta property=\"og:url\" content=\"https:\/\/smartmarket.be\/fr\/my-account\/\" \/>\n<meta property=\"og:site_name\" content=\"Smartmarket - Supermarch\u00e9 en ligne en Belgique!\" \/>\n<meta property=\"article:modified_time\" content=\"2023-11-23T11:01:30+00:00\" \/>\n<meta property=\"og:image\" content=\"https:\/\/smartmarket.be\/wp-content\/uploads\/2023\/01\/smartmarket-groceries-delivery-service-online-supermarket-belgie-belgium-belgique-2.jpg\" \/>\n\t<meta property=\"og:image:width\" content=\"1478\" \/>\n\t<meta property=\"og:image:height\" content=\"1478\" \/>\n\t<meta property=\"og:image:type\" content=\"image\/jpeg\" \/>\n<meta name=\"twitter:card\" content=\"summary_large_image\" \/>\n<meta name=\"twitter:label1\" content=\"Dur\u00e9e de lecture estim\u00e9e\" \/>\n\t<meta name=\"twitter:data1\" content=\"1 minute\" \/>\n<script type=\"application\/ld+json\" class=\"yoast-schema-graph\">{\"@context\":\"https:\\\/\\\/schema.org\",\"@graph\":[{\"@type\":\"WebPage\",\"@id\":\"https:\\\/\\\/smartmarket.be\\\/fr\\\/my-account\\\/\",\"url\":\"https:\\\/\\\/smartmarket.be\\\/fr\\\/my-account\\\/\",\"name\":\"Smartmarket - Livraison de courses le jour m\u00eame en Belgique!\",\"isPartOf\":{\"@id\":\"https:\\\/\\\/smartmarket.be\\\/fr\\\/#website\"},\"primaryImageOfPage\":{\"@id\":\"https:\\\/\\\/smartmarket.be\\\/fr\\\/my-account\\\/#primaryimage\"},\"image\":{\"@id\":\"https:\\\/\\\/smartmarket.be\\\/fr\\\/my-account\\\/#primaryimage\"},\"thumbnailUrl\":\"https:\\\/\\\/smartmarket.be\\\/wp-content\\\/uploads\\\/2023\\\/01\\\/smartmarket-groceries-delivery-service-online-supermarket-belgie-belgium-belgique-2.jpg\",\"datePublished\":\"2018-10-19T11:08:52+00:00\",\"dateModified\":\"2023-11-23T11:01:30+00:00\",\"description\":\"Faites-vous livrer vos courses en toute simplicit\u00e9 avec notre supermarch\u00e9 Smartmarket! Command\u00e9 aujourd'hui avant 18h00, livr\u00e9 aujourd'hui!\",\"breadcrumb\":{\"@id\":\"https:\\\/\\\/smartmarket.be\\\/fr\\\/my-account\\\/#breadcrumb\"},\"inLanguage\":\"fr-FR\",\"potentialAction\":[{\"@type\":\"ReadAction\",\"target\":[\"https:\\\/\\\/smartmarket.be\\\/fr\\\/my-account\\\/\"]}]},{\"@type\":\"ImageObject\",\"inLanguage\":\"fr-FR\",\"@id\":\"https:\\\/\\\/smartmarket.be\\\/fr\\\/my-account\\\/#primaryimage\",\"url\":\"https:\\\/\\\/smartmarket.be\\\/wp-content\\\/uploads\\\/2023\\\/01\\\/smartmarket-groceries-delivery-service-online-supermarket-belgie-belgium-belgique-2.jpg\",\"contentUrl\":\"https:\\\/\\\/smartmarket.be\\\/wp-content\\\/uploads\\\/2023\\\/01\\\/smartmarket-groceries-delivery-service-online-supermarket-belgie-belgium-belgique-2.jpg\",\"width\":1478,\"height\":1478},{\"@type\":\"BreadcrumbList\",\"@id\":\"https:\\\/\\\/smartmarket.be\\\/fr\\\/my-account\\\/#breadcrumb\",\"itemListElement\":[{\"@type\":\"ListItem\",\"position\":1,\"name\":\"Home\",\"item\":\"https:\\\/\\\/smartmarket.be\\\/fr\\\/\"},{\"@type\":\"ListItem\",\"position\":2,\"name\":\"My account\"}]},{\"@type\":\"WebSite\",\"@id\":\"https:\\\/\\\/smartmarket.be\\\/fr\\\/#website\",\"url\":\"https:\\\/\\\/smartmarket.be\\\/fr\\\/\",\"name\":\"Smartmarket - Supermarch\u00e9 en ligne en Belgique!\",\"description\":\"Faites-vous livrer vos courses en toute simplicit\u00e9 avec notre supermarch\u00e9 en ligne Smartmarket! Command\u00e9 aujourd&#039;hui avant 19h00, livr\u00e9 aujourd&#039;hui!\",\"publisher\":{\"@id\":\"https:\\\/\\\/smartmarket.be\\\/fr\\\/#organization\"},\"potentialAction\":[{\"@type\":\"SearchAction\",\"target\":{\"@type\":\"EntryPoint\",\"urlTemplate\":\"https:\\\/\\\/smartmarket.be\\\/fr\\\/?s={search_term_string}\"},\"query-input\":{\"@type\":\"PropertyValueSpecification\",\"valueRequired\":true,\"valueName\":\"search_term_string\"}}],\"inLanguage\":\"fr-FR\"},{\"@type\":\"Organization\",\"@id\":\"https:\\\/\\\/smartmarket.be\\\/fr\\\/#organization\",\"name\":\"Smartmarket - Supermarch\u00e9 en ligne en Belgique!\",\"url\":\"https:\\\/\\\/smartmarket.be\\\/fr\\\/\",\"logo\":{\"@type\":\"ImageObject\",\"inLanguage\":\"fr-FR\",\"@id\":\"https:\\\/\\\/smartmarket.be\\\/fr\\\/#\\\/schema\\\/logo\\\/image\\\/\",\"url\":\"https:\\\/\\\/smartmarket.be\\\/wp-content\\\/uploads\\\/2019\\\/10\\\/cropped-smartmarket-favicon-v1.png\",\"contentUrl\":\"https:\\\/\\\/smartmarket.be\\\/wp-content\\\/uploads\\\/2019\\\/10\\\/cropped-smartmarket-favicon-v1.png\",\"width\":512,\"height\":512,\"caption\":\"Smartmarket - Supermarch\u00e9 en ligne en Belgique!\"},\"image\":{\"@id\":\"https:\\\/\\\/smartmarket.be\\\/fr\\\/#\\\/schema\\\/logo\\\/image\\\/\"}}]}<\/script>\n<!-- \/ Yoast SEO plugin. -->","yoast_head_json":{"title":"Smartmarket - Livraison de courses le jour m\u00eame en Belgique!","description":"Faites-vous livrer vos courses en toute simplicit\u00e9 avec notre supermarch\u00e9 Smartmarket! Command\u00e9 aujourd'hui avant 18h00, livr\u00e9 aujourd'hui!","robots":{"index":"index","follow":"follow","max-snippet":"max-snippet:-1","max-image-preview":"max-image-preview:large","max-video-preview":"max-video-preview:-1"},"canonical":"https:\/\/smartmarket.be\/fr\/my-account\/","og_locale":"fr_FR","og_type":"article","og_title":"Smartmarket - Livraison de courses le jour m\u00eame en Belgique!","og_description":"Faites-vous livrer vos courses en toute simplicit\u00e9 avec notre supermarch\u00e9 Smartmarket! Command\u00e9 aujourd'hui avant 18h00, livr\u00e9 aujourd'hui!","og_url":"https:\/\/smartmarket.be\/fr\/my-account\/","og_site_name":"Smartmarket - Supermarch\u00e9 en ligne en Belgique!","article_modified_time":"2023-11-23T11:01:30+00:00","og_image":[{"width":1478,"height":1478,"url":"https:\/\/smartmarket.be\/wp-content\/uploads\/2023\/01\/smartmarket-groceries-delivery-service-online-supermarket-belgie-belgium-belgique-2.jpg","type":"image\/jpeg"}],"twitter_card":"summary_large_image","twitter_misc":{"Dur\u00e9e de lecture estim\u00e9e":"1 minute"},"schema":{"@context":"https:\/\/schema.org","@graph":[{"@type":"WebPage","@id":"https:\/\/smartmarket.be\/fr\/my-account\/","url":"https:\/\/smartmarket.be\/fr\/my-account\/","name":"Smartmarket - Livraison de courses le jour m\u00eame en Belgique!","isPartOf":{"@id":"https:\/\/smartmarket.be\/fr\/#website"},"primaryImageOfPage":{"@id":"https:\/\/smartmarket.be\/fr\/my-account\/#primaryimage"},"image":{"@id":"https:\/\/smartmarket.be\/fr\/my-account\/#primaryimage"},"thumbnailUrl":"https:\/\/smartmarket.be\/wp-content\/uploads\/2023\/01\/smartmarket-groceries-delivery-service-online-supermarket-belgie-belgium-belgique-2.jpg","datePublished":"2018-10-19T11:08:52+00:00","dateModified":"2023-11-23T11:01:30+00:00","description":"Faites-vous livrer vos courses en toute simplicit\u00e9 avec notre supermarch\u00e9 Smartmarket! Command\u00e9 aujourd'hui avant 18h00, livr\u00e9 aujourd'hui!","breadcrumb":{"@id":"https:\/\/smartmarket.be\/fr\/my-account\/#breadcrumb"},"inLanguage":"fr-FR","potentialAction":[{"@type":"ReadAction","target":["https:\/\/smartmarket.be\/fr\/my-account\/"]}]},{"@type":"ImageObject","inLanguage":"fr-FR","@id":"https:\/\/smartmarket.be\/fr\/my-account\/#primaryimage","url":"https:\/\/smartmarket.be\/wp-content\/uploads\/2023\/01\/smartmarket-groceries-delivery-service-online-supermarket-belgie-belgium-belgique-2.jpg","contentUrl":"https:\/\/smartmarket.be\/wp-content\/uploads\/2023\/01\/smartmarket-groceries-delivery-service-online-supermarket-belgie-belgium-belgique-2.jpg","width":1478,"height":1478},{"@type":"BreadcrumbList","@id":"https:\/\/smartmarket.be\/fr\/my-account\/#breadcrumb","itemListElement":[{"@type":"ListItem","position":1,"name":"Home","item":"https:\/\/smartmarket.be\/fr\/"},{"@type":"ListItem","position":2,"name":"My account"}]},{"@type":"WebSite","@id":"https:\/\/smartmarket.be\/fr\/#website","url":"https:\/\/smartmarket.be\/fr\/","name":"Smartmarket - Supermarch\u00e9 en ligne en Belgique!","description":"Faites-vous livrer vos courses en toute simplicit\u00e9 avec notre supermarch\u00e9 en ligne Smartmarket! Command\u00e9 aujourd&#039;hui avant 19h00, livr\u00e9 aujourd&#039;hui!","publisher":{"@id":"https:\/\/smartmarket.be\/fr\/#organization"},"potentialAction":[{"@type":"SearchAction","target":{"@type":"EntryPoint","urlTemplate":"https:\/\/smartmarket.be\/fr\/?s={search_term_string}"},"query-input":{"@type":"PropertyValueSpecification","valueRequired":true,"valueName":"search_term_string"}}],"inLanguage":"fr-FR"},{"@type":"Organization","@id":"https:\/\/smartmarket.be\/fr\/#organization","name":"Smartmarket - Supermarch\u00e9 en ligne en Belgique!","url":"https:\/\/smartmarket.be\/fr\/","logo":{"@type":"ImageObject","inLanguage":"fr-FR","@id":"https:\/\/smartmarket.be\/fr\/#\/schema\/logo\/image\/","url":"https:\/\/smartmarket.be\/wp-content\/uploads\/2019\/10\/cropped-smartmarket-favicon-v1.png","contentUrl":"https:\/\/smartmarket.be\/wp-content\/uploads\/2019\/10\/cropped-smartmarket-favicon-v1.png","width":512,"height":512,"caption":"Smartmarket - Supermarch\u00e9 en ligne en Belgique!"},"image":{"@id":"https:\/\/smartmarket.be\/fr\/#\/schema\/logo\/image\/"}}]}},"_hostinger_reach_plugin_has_subscription_block":false,"_hostinger_reach_plugin_is_elementor":false,"_links":{"self":[{"href":"https:\/\/smartmarket.be\/fr\/wp-json\/wp\/v2\/pages\/4410","targetHints":{"allow":["GET"]}}],"collection":[{"href":"https:\/\/smartmarket.be\/fr\/wp-json\/wp\/v2\/pages"}],"about":[{"href":"https:\/\/smartmarket.be\/fr\/wp-json\/wp\/v2\/types\/page"}],"author":[{"embeddable":true,"href":"https:\/\/smartmarket.be\/fr\/wp-json\/wp\/v2\/users\/1"}],"replies":[{"embeddable":true,"href":"https:\/\/smartmarket.be\/fr\/wp-json\/wp\/v2\/comments?post=4410"}],"version-history":[{"count":23,"href":"https:\/\/smartmarket.be\/fr\/wp-json\/wp\/v2\/pages\/4410\/revisions"}],"predecessor-version":[{"id":187875,"href":"https:\/\/smartmarket.be\/fr\/wp-json\/wp\/v2\/pages\/4410\/revisions\/187875"}],"wp:featuredmedia":[{"embeddable":true,"href":"https:\/\/smartmarket.be\/fr\/wp-json\/wp\/v2\/media\/205992"}],"wp:attachment":[{"href":"https:\/\/smartmarket.be\/fr\/wp-json\/wp\/v2\/media?parent=4410"}],"curies":[{"name":"wp","href":"https:\/\/api.w.org\/{rel}","templated":true}]}}