{"id":15,"date":"2019-10-23T12:02:40","date_gmt":"2019-10-23T12:02:40","guid":{"rendered":"https:\/\/xstore.8theme.com\/demos\/2\/homeandstyle\/?page_id=15"},"modified":"2023-11-23T12:04:38","modified_gmt":"2023-11-23T11:04:38","slug":"contact","status":"publish","type":"page","link":"https:\/\/smartmarket.be\/fr\/contact\/","title":{"rendered":"Contact"},"content":{"rendered":"\t\t<div data-elementor-type=\"wp-page\" data-elementor-id=\"15\" class=\"elementor elementor-15\">\n\t\t\t\t\t\t<section class=\"elementor-section elementor-top-section elementor-element elementor-element-4da2ecf elementor-section-full_width elementor-section-height-default elementor-section-height-default\" data-id=\"4da2ecf\" data-element_type=\"section\" data-e-type=\"section\">\n\t\t\t\t\t\t<div class=\"elementor-container elementor-column-gap-default\">\n\t\t\t\t\t<div class=\"elementor-column elementor-col-100 elementor-top-column elementor-element elementor-element-8fd8a34\" data-id=\"8fd8a34\" data-element_type=\"column\" data-e-type=\"column\">\n\t\t\t<div class=\"elementor-widget-wrap elementor-element-populated\">\n\t\t\t\t\t\t<div class=\"elementor-element elementor-element-292297d elementor-widget elementor-widget-image\" data-id=\"292297d\" data-element_type=\"widget\" data-e-type=\"widget\" data-widget_type=\"image.default\">\n\t\t\t\t<div class=\"elementor-widget-container\">\n\t\t\t\t\t\t\t\t\t\t\t\t\t\t\t<img decoding=\"async\" src=\"https:\/\/smartmarket.be\/wp-content\/uploads\/elementor\/thumbs\/contact-page-smartmarket-resize-p32cparvvxt2tp6qip6ajo7d4rnln0mkoynyqjxmma.png\" title=\"contact page smartmarket resize\" alt=\"contact page smartmarket resize\" loading=\"lazy\" \/>\t\t\t\t\t\t\t\t\t\t\t\t\t\t\t<\/div>\n\t\t\t\t<\/div>\n\t\t\t\t\t<\/div>\n\t\t<\/div>\n\t\t\t\t\t<\/div>\n\t\t<\/section>\n\t\t\t\t<section class=\"elementor-section elementor-top-section elementor-element elementor-element-16009dd elementor-section-full_width elementor-section-height-default elementor-section-height-default\" data-id=\"16009dd\" data-element_type=\"section\" data-e-type=\"section\">\n\t\t\t\t\t\t<div class=\"elementor-container elementor-column-gap-default\">\n\t\t\t\t\t<div class=\"elementor-column elementor-col-100 elementor-top-column elementor-element elementor-element-e1e4c87\" data-id=\"e1e4c87\" data-element_type=\"column\" data-e-type=\"column\">\n\t\t\t<div class=\"elementor-widget-wrap elementor-element-populated\">\n\t\t\t\t\t\t<div class=\"elementor-element elementor-element-edf13f5 elementor-widget elementor-widget-image-box\" data-id=\"edf13f5\" data-element_type=\"widget\" data-e-type=\"widget\" data-widget_type=\"image-box.default\">\n\t\t\t\t<div class=\"elementor-widget-container\">\n\t\t\t\t\t<div class=\"elementor-image-box-wrapper\"><div class=\"elementor-image-box-content\"><h3 class=\"elementor-image-box-title\"><a href=\"mailto:hello@smartmarket.be\">\ud83d\udce7 hello@smartmarket.be<\/a><\/h3><\/div><\/div>\t\t\t\t<\/div>\n\t\t\t\t<\/div>\n\t\t\t\t<div class=\"elementor-element elementor-element-478bfbb elementor-vertical-align-middle elementor-widget elementor-widget-image-box\" data-id=\"478bfbb\" data-element_type=\"widget\" data-e-type=\"widget\" data-widget_type=\"image-box.default\">\n\t\t\t\t<div class=\"elementor-widget-container\">\n\t\t\t\t\t<div class=\"elementor-image-box-wrapper\"><div class=\"elementor-image-box-content\"><h3 class=\"elementor-image-box-title\">Besoin d'aide? \ud83d\ude0a<\/h3><p class=\"elementor-image-box-description\">Appelez-nous ou utilisez le chat ci-dessous.<\/p><\/div><\/div>\t\t\t\t<\/div>\n\t\t\t\t<\/div>\n\t\t\t\t<div class=\"elementor-element elementor-element-098333c elementor-widget elementor-widget-heading\" data-id=\"098333c\" data-element_type=\"widget\" data-e-type=\"widget\" data-widget_type=\"heading.default\">\n\t\t\t\t<div class=\"elementor-widget-container\">\n\t\t\t\t\t<h2 class=\"elementor-heading-title elementor-size-default\">Achats en magasin et renseignements g\u00e9n\u00e9raux<\/h2>\t\t\t\t<\/div>\n\t\t\t\t<\/div>\n\t\t\t\t<div class=\"elementor-element elementor-element-7f93d96 color-scheme-inherit text-left elementor-widget elementor-widget-text-editor\" data-id=\"7f93d96\" data-element_type=\"widget\" data-e-type=\"widget\" data-widget_type=\"text-editor.default\">\n\t\t\t\t<div class=\"elementor-widget-container\">\n\t\t\t\t\t\t\t\t\t<p>Votre satisfaction est notre priorit\u00e9. Si, pour une raison quelconque, vous n&rsquo;\u00eates pas enti\u00e8rement satisfait de votre commande, veuillez nous laisser un message et nous y rem\u00e9dierons.<\/p>\t\t\t\t\t\t\t\t<\/div>\n\t\t\t\t<\/div>\n\t\t\t\t\t<\/div>\n\t\t<\/div>\n\t\t\t\t\t<\/div>\n\t\t<\/section>\n\t\t\t\t<\/div>\n\t\t","protected":false},"excerpt":{"rendered":"<p>\ud83d\udce7 hello@smartmarket.be Besoin d&rsquo;aide? \ud83d\ude0a Appelez-nous ou utilisez le chat ci-dessous. Achats en magasin et renseignements g\u00e9n\u00e9raux Votre satisfaction est<\/p>\n","protected":false},"author":1,"featured_media":205992,"parent":0,"menu_order":0,"comment_status":"closed","ping_status":"closed","template":"","meta":{"_monsterinsights_skip_tracking":false,"_monsterinsights_sitenote_active":false,"_monsterinsights_sitenote_note":"","_monsterinsights_sitenote_category":0,"footnotes":""},"class_list":["post-15","page","type-page","status-publish","has-post-thumbnail","hentry"],"yoast_head":"<!-- This site is optimized with the Yoast SEO plugin v27.3 - https:\/\/yoast.com\/product\/yoast-seo-wordpress\/ -->\n<title>Smartmarket - Livraison de courses le jour m\u00eame en Belgique!<\/title>\n<meta name=\"description\" content=\"Faites-vous livrer vos courses en toute simplicit\u00e9 avec notre supermarch\u00e9 Smartmarket! Command\u00e9 aujourd&#039;hui avant 18h00, livr\u00e9 aujourd&#039;hui!\" \/>\n<meta name=\"robots\" content=\"index, follow, max-snippet:-1, max-image-preview:large, max-video-preview:-1\" \/>\n<link rel=\"canonical\" href=\"https:\/\/smartmarket.be\/fr\/contact\/\" \/>\n<meta property=\"og:locale\" content=\"fr_FR\" \/>\n<meta property=\"og:type\" content=\"article\" \/>\n<meta property=\"og:title\" content=\"Smartmarket - Livraison de courses le jour m\u00eame en Belgique!\" \/>\n<meta property=\"og:description\" content=\"Faites-vous livrer vos courses en toute simplicit\u00e9 avec notre supermarch\u00e9 Smartmarket! Command\u00e9 aujourd&#039;hui avant 18h00, livr\u00e9 aujourd&#039;hui!\" \/>\n<meta property=\"og:url\" content=\"https:\/\/smartmarket.be\/fr\/contact\/\" \/>\n<meta property=\"og:site_name\" content=\"Smartmarket - Supermarch\u00e9 en ligne en Belgique!\" \/>\n<meta property=\"article:modified_time\" content=\"2023-11-23T11:04:38+00:00\" \/>\n<meta property=\"og:image\" content=\"https:\/\/smartmarket.be\/wp-content\/uploads\/2023\/01\/smartmarket-groceries-delivery-service-online-supermarket-belgie-belgium-belgique-2.jpg\" \/>\n\t<meta property=\"og:image:width\" content=\"1478\" \/>\n\t<meta property=\"og:image:height\" content=\"1478\" \/>\n\t<meta property=\"og:image:type\" content=\"image\/jpeg\" \/>\n<meta name=\"twitter:card\" content=\"summary_large_image\" \/>\n<meta name=\"twitter:label1\" content=\"Dur\u00e9e de lecture estim\u00e9e\" \/>\n\t<meta name=\"twitter:data1\" content=\"1 minute\" \/>\n<script type=\"application\/ld+json\" class=\"yoast-schema-graph\">{\"@context\":\"https:\\\/\\\/schema.org\",\"@graph\":[{\"@type\":\"WebPage\",\"@id\":\"https:\\\/\\\/smartmarket.be\\\/fr\\\/contact\\\/\",\"url\":\"https:\\\/\\\/smartmarket.be\\\/fr\\\/contact\\\/\",\"name\":\"Smartmarket - Livraison de courses le jour m\u00eame en Belgique!\",\"isPartOf\":{\"@id\":\"https:\\\/\\\/smartmarket.be\\\/fr\\\/#website\"},\"primaryImageOfPage\":{\"@id\":\"https:\\\/\\\/smartmarket.be\\\/fr\\\/contact\\\/#primaryimage\"},\"image\":{\"@id\":\"https:\\\/\\\/smartmarket.be\\\/fr\\\/contact\\\/#primaryimage\"},\"thumbnailUrl\":\"https:\\\/\\\/smartmarket.be\\\/wp-content\\\/uploads\\\/2023\\\/01\\\/smartmarket-groceries-delivery-service-online-supermarket-belgie-belgium-belgique-2.jpg\",\"datePublished\":\"2019-10-23T12:02:40+00:00\",\"dateModified\":\"2023-11-23T11:04:38+00:00\",\"description\":\"Faites-vous livrer vos courses en toute simplicit\u00e9 avec notre supermarch\u00e9 Smartmarket! Command\u00e9 aujourd'hui avant 18h00, livr\u00e9 aujourd'hui!\",\"breadcrumb\":{\"@id\":\"https:\\\/\\\/smartmarket.be\\\/fr\\\/contact\\\/#breadcrumb\"},\"inLanguage\":\"fr-FR\",\"potentialAction\":[{\"@type\":\"ReadAction\",\"target\":[\"https:\\\/\\\/smartmarket.be\\\/fr\\\/contact\\\/\"]}]},{\"@type\":\"ImageObject\",\"inLanguage\":\"fr-FR\",\"@id\":\"https:\\\/\\\/smartmarket.be\\\/fr\\\/contact\\\/#primaryimage\",\"url\":\"https:\\\/\\\/smartmarket.be\\\/wp-content\\\/uploads\\\/2023\\\/01\\\/smartmarket-groceries-delivery-service-online-supermarket-belgie-belgium-belgique-2.jpg\",\"contentUrl\":\"https:\\\/\\\/smartmarket.be\\\/wp-content\\\/uploads\\\/2023\\\/01\\\/smartmarket-groceries-delivery-service-online-supermarket-belgie-belgium-belgique-2.jpg\",\"width\":1478,\"height\":1478},{\"@type\":\"BreadcrumbList\",\"@id\":\"https:\\\/\\\/smartmarket.be\\\/fr\\\/contact\\\/#breadcrumb\",\"itemListElement\":[{\"@type\":\"ListItem\",\"position\":1,\"name\":\"Home\",\"item\":\"https:\\\/\\\/smartmarket.be\\\/fr\\\/\"},{\"@type\":\"ListItem\",\"position\":2,\"name\":\"Contact\"}]},{\"@type\":\"WebSite\",\"@id\":\"https:\\\/\\\/smartmarket.be\\\/fr\\\/#website\",\"url\":\"https:\\\/\\\/smartmarket.be\\\/fr\\\/\",\"name\":\"Smartmarket - Supermarch\u00e9 en ligne en Belgique!\",\"description\":\"Faites-vous livrer vos courses en toute simplicit\u00e9 avec notre supermarch\u00e9 en ligne Smartmarket! Command\u00e9 aujourd&#039;hui avant 19h00, livr\u00e9 aujourd&#039;hui!\",\"publisher\":{\"@id\":\"https:\\\/\\\/smartmarket.be\\\/fr\\\/#organization\"},\"potentialAction\":[{\"@type\":\"SearchAction\",\"target\":{\"@type\":\"EntryPoint\",\"urlTemplate\":\"https:\\\/\\\/smartmarket.be\\\/fr\\\/?s={search_term_string}\"},\"query-input\":{\"@type\":\"PropertyValueSpecification\",\"valueRequired\":true,\"valueName\":\"search_term_string\"}}],\"inLanguage\":\"fr-FR\"},{\"@type\":\"Organization\",\"@id\":\"https:\\\/\\\/smartmarket.be\\\/fr\\\/#organization\",\"name\":\"Smartmarket - Supermarch\u00e9 en ligne en Belgique!\",\"url\":\"https:\\\/\\\/smartmarket.be\\\/fr\\\/\",\"logo\":{\"@type\":\"ImageObject\",\"inLanguage\":\"fr-FR\",\"@id\":\"https:\\\/\\\/smartmarket.be\\\/fr\\\/#\\\/schema\\\/logo\\\/image\\\/\",\"url\":\"https:\\\/\\\/smartmarket.be\\\/wp-content\\\/uploads\\\/2019\\\/10\\\/cropped-smartmarket-favicon-v1.png\",\"contentUrl\":\"https:\\\/\\\/smartmarket.be\\\/wp-content\\\/uploads\\\/2019\\\/10\\\/cropped-smartmarket-favicon-v1.png\",\"width\":512,\"height\":512,\"caption\":\"Smartmarket - Supermarch\u00e9 en ligne en Belgique!\"},\"image\":{\"@id\":\"https:\\\/\\\/smartmarket.be\\\/fr\\\/#\\\/schema\\\/logo\\\/image\\\/\"}}]}<\/script>\n<!-- \/ Yoast SEO plugin. -->","yoast_head_json":{"title":"Smartmarket - Livraison de courses le jour m\u00eame en Belgique!","description":"Faites-vous livrer vos courses en toute simplicit\u00e9 avec notre supermarch\u00e9 Smartmarket! Command\u00e9 aujourd'hui avant 18h00, livr\u00e9 aujourd'hui!","robots":{"index":"index","follow":"follow","max-snippet":"max-snippet:-1","max-image-preview":"max-image-preview:large","max-video-preview":"max-video-preview:-1"},"canonical":"https:\/\/smartmarket.be\/fr\/contact\/","og_locale":"fr_FR","og_type":"article","og_title":"Smartmarket - Livraison de courses le jour m\u00eame en Belgique!","og_description":"Faites-vous livrer vos courses en toute simplicit\u00e9 avec notre supermarch\u00e9 Smartmarket! Command\u00e9 aujourd'hui avant 18h00, livr\u00e9 aujourd'hui!","og_url":"https:\/\/smartmarket.be\/fr\/contact\/","og_site_name":"Smartmarket - Supermarch\u00e9 en ligne en Belgique!","article_modified_time":"2023-11-23T11:04:38+00:00","og_image":[{"width":1478,"height":1478,"url":"https:\/\/smartmarket.be\/wp-content\/uploads\/2023\/01\/smartmarket-groceries-delivery-service-online-supermarket-belgie-belgium-belgique-2.jpg","type":"image\/jpeg"}],"twitter_card":"summary_large_image","twitter_misc":{"Dur\u00e9e de lecture estim\u00e9e":"1 minute"},"schema":{"@context":"https:\/\/schema.org","@graph":[{"@type":"WebPage","@id":"https:\/\/smartmarket.be\/fr\/contact\/","url":"https:\/\/smartmarket.be\/fr\/contact\/","name":"Smartmarket - Livraison de courses le jour m\u00eame en Belgique!","isPartOf":{"@id":"https:\/\/smartmarket.be\/fr\/#website"},"primaryImageOfPage":{"@id":"https:\/\/smartmarket.be\/fr\/contact\/#primaryimage"},"image":{"@id":"https:\/\/smartmarket.be\/fr\/contact\/#primaryimage"},"thumbnailUrl":"https:\/\/smartmarket.be\/wp-content\/uploads\/2023\/01\/smartmarket-groceries-delivery-service-online-supermarket-belgie-belgium-belgique-2.jpg","datePublished":"2019-10-23T12:02:40+00:00","dateModified":"2023-11-23T11:04:38+00:00","description":"Faites-vous livrer vos courses en toute simplicit\u00e9 avec notre supermarch\u00e9 Smartmarket! Command\u00e9 aujourd'hui avant 18h00, livr\u00e9 aujourd'hui!","breadcrumb":{"@id":"https:\/\/smartmarket.be\/fr\/contact\/#breadcrumb"},"inLanguage":"fr-FR","potentialAction":[{"@type":"ReadAction","target":["https:\/\/smartmarket.be\/fr\/contact\/"]}]},{"@type":"ImageObject","inLanguage":"fr-FR","@id":"https:\/\/smartmarket.be\/fr\/contact\/#primaryimage","url":"https:\/\/smartmarket.be\/wp-content\/uploads\/2023\/01\/smartmarket-groceries-delivery-service-online-supermarket-belgie-belgium-belgique-2.jpg","contentUrl":"https:\/\/smartmarket.be\/wp-content\/uploads\/2023\/01\/smartmarket-groceries-delivery-service-online-supermarket-belgie-belgium-belgique-2.jpg","width":1478,"height":1478},{"@type":"BreadcrumbList","@id":"https:\/\/smartmarket.be\/fr\/contact\/#breadcrumb","itemListElement":[{"@type":"ListItem","position":1,"name":"Home","item":"https:\/\/smartmarket.be\/fr\/"},{"@type":"ListItem","position":2,"name":"Contact"}]},{"@type":"WebSite","@id":"https:\/\/smartmarket.be\/fr\/#website","url":"https:\/\/smartmarket.be\/fr\/","name":"Smartmarket - Supermarch\u00e9 en ligne en Belgique!","description":"Faites-vous livrer vos courses en toute simplicit\u00e9 avec notre supermarch\u00e9 en ligne Smartmarket! Command\u00e9 aujourd&#039;hui avant 19h00, livr\u00e9 aujourd&#039;hui!","publisher":{"@id":"https:\/\/smartmarket.be\/fr\/#organization"},"potentialAction":[{"@type":"SearchAction","target":{"@type":"EntryPoint","urlTemplate":"https:\/\/smartmarket.be\/fr\/?s={search_term_string}"},"query-input":{"@type":"PropertyValueSpecification","valueRequired":true,"valueName":"search_term_string"}}],"inLanguage":"fr-FR"},{"@type":"Organization","@id":"https:\/\/smartmarket.be\/fr\/#organization","name":"Smartmarket - Supermarch\u00e9 en ligne en Belgique!","url":"https:\/\/smartmarket.be\/fr\/","logo":{"@type":"ImageObject","inLanguage":"fr-FR","@id":"https:\/\/smartmarket.be\/fr\/#\/schema\/logo\/image\/","url":"https:\/\/smartmarket.be\/wp-content\/uploads\/2019\/10\/cropped-smartmarket-favicon-v1.png","contentUrl":"https:\/\/smartmarket.be\/wp-content\/uploads\/2019\/10\/cropped-smartmarket-favicon-v1.png","width":512,"height":512,"caption":"Smartmarket - Supermarch\u00e9 en ligne en Belgique!"},"image":{"@id":"https:\/\/smartmarket.be\/fr\/#\/schema\/logo\/image\/"}}]}},"_hostinger_reach_plugin_has_subscription_block":false,"_hostinger_reach_plugin_is_elementor":false,"_links":{"self":[{"href":"https:\/\/smartmarket.be\/fr\/wp-json\/wp\/v2\/pages\/15","targetHints":{"allow":["GET"]}}],"collection":[{"href":"https:\/\/smartmarket.be\/fr\/wp-json\/wp\/v2\/pages"}],"about":[{"href":"https:\/\/smartmarket.be\/fr\/wp-json\/wp\/v2\/types\/page"}],"author":[{"embeddable":true,"href":"https:\/\/smartmarket.be\/fr\/wp-json\/wp\/v2\/users\/1"}],"replies":[{"embeddable":true,"href":"https:\/\/smartmarket.be\/fr\/wp-json\/wp\/v2\/comments?post=15"}],"version-history":[{"count":17,"href":"https:\/\/smartmarket.be\/fr\/wp-json\/wp\/v2\/pages\/15\/revisions"}],"predecessor-version":[{"id":221935,"href":"https:\/\/smartmarket.be\/fr\/wp-json\/wp\/v2\/pages\/15\/revisions\/221935"}],"wp:featuredmedia":[{"embeddable":true,"href":"https:\/\/smartmarket.be\/fr\/wp-json\/wp\/v2\/media\/205992"}],"wp:attachment":[{"href":"https:\/\/smartmarket.be\/fr\/wp-json\/wp\/v2\/media?parent=15"}],"curies":[{"name":"wp","href":"https:\/\/api.w.org\/{rel}","templated":true}]}}